{"id":72,"date":"2017-08-23T13:12:38","date_gmt":"2017-08-23T11:12:38","guid":{"rendered":"http:\/\/www.tanero.pl\/?page_id=72"},"modified":"2025-01-11T00:24:18","modified_gmt":"2025-01-10T23:24:18","slug":"classic-cars-renovation","status":"publish","type":"page","link":"https:\/\/www.tanero.pl\/?page_id=72","title":{"rendered":"Renowacja Aut Zabytkowych"},"content":{"rendered":"\t\t<div data-elementor-type=\"wp-page\" data-elementor-id=\"72\" class=\"elementor elementor-72\">\n\t\t\t\t\t\t<section class=\"elementor-section elementor-top-section elementor-element elementor-element-1759ae5 elementor-section-boxed elementor-section-height-default elementor-section-height-default\" data-id=\"1759ae5\" data-element_type=\"section\" data-e-type=\"section\">\n\t\t\t\t\t\t<div class=\"elementor-container elementor-column-gap-default\">\n\t\t\t\t\t<div class=\"elementor-column elementor-col-100 elementor-top-column elementor-element elementor-element-3cd0bcfa\" data-id=\"3cd0bcfa\" data-element_type=\"column\" data-e-type=\"column\">\n\t\t\t<div class=\"elementor-widget-wrap elementor-element-populated\">\n\t\t\t\t\t\t<div class=\"elementor-element elementor-element-34397b91 elementor-widget elementor-widget-text-editor\" data-id=\"34397b91\" data-element_type=\"widget\" data-e-type=\"widget\" data-widget_type=\"text-editor.default\">\n\t\t\t\t<div class=\"elementor-widget-container\">\n\t\t\t\t\t\t\t\t\t<p>\u00a0<\/p><h1 style=\"text-align: center;\"><strong><span style=\"font-size: 18pt;\">Pasja<\/span><\/strong><\/h1><p style=\"text-align: justify;\"><strong><span style=\"font-size: 10pt;\">Renowacja samochod\u00f3w zabytkowych to nasza pasja! firma tci goup skupia mi\u0142o\u015bnik\u00f3w oldtimer\u00f3w, kt\u00f3rzy naprawd\u0119 potrafi\u0105 o nie zadba\u0107. zajmujemy si\u0119 przywracaniem blasku pojazdom zabytkowym, wymieniamy uszkodzone podzespo\u0142y i dorabiamy brakuj\u0105ce elementy. specjalizujemy si\u0119 w pracach rekonstrukcyjnych oraz doprowadzaniu aut do dobrego stanu technicznego. to d\u0142ugi proces, ale wart po\u015bwi\u0119conego mu czasu! w naszej firmie zatrudniamy osoby z do\u015bwiadczeniem w takich pracach &#8211; to prawdziwi mi\u0142o\u015bnicy zabytk\u00f3w motoryzacji. mamy specjalistyczne pracownie, kt\u00f3rej zajmuj\u0105 si\u0119 poszczeg\u00f3lnymi elementami samochodu, by p\u00f3\u017aniej mo\u017cna by\u0142o zaprezentowa\u0107 imponuj\u0105c\u0105 ca\u0142o\u015b\u0107. ka\u017cde przywiezione do nas auto jest rozbierane na cz\u0119\u015bci i dok\u0142adnie badane pod k\u0105tem sprawno\u015bci uk\u0142ad\u00f3w oraz stanu technicznego podzespo\u0142\u00f3w. wykonujemy projekty naprawy, analizujemy wszystkie brakuj\u0105ce lub uszkodzone elementy i dorabiamy je. ka\u017cda cz\u0119\u015b\u0107 przechodzi dok\u0142adn\u0105 kontrol\u0119, podczas kt\u00f3rej jest sprawdzany jej stan techniczny. szczeg\u00f3\u0142owa diagnostyka to gwarancja, \u017ce po wizycie w naszym warsztacie wszystko b\u0119dzie funkcjonowa\u0142o jak nale\u017cy! przyjmujemy r\u00f3wnie\u017c samochody niekompletne, po zalaniach i zniszczone. dzi\u0119ki dobrym kontaktom zagranicznym i wieloletniej obecno\u015bci w bran\u017cy motoryzacyjnej mamy dost\u0119p do wielu cz\u0119\u015bci i podzespo\u0142\u00f3w, kt\u00f3re s\u0105 trudne do zdobycia na rynku. je\u017celi szukacie pa\u0144stwo konkretnego elementu prosimy o kontakt.<\/span><\/strong><\/p><p style=\"text-align: center;\"><span style=\"font-size: 18pt;\"><strong>Renowacja Pojazd\u00f3w Zabytkowych<\/strong><\/span><\/p><p style=\"text-align: justify;\">\u00a0 \u00a0 \u00a0 \u00a0<span style=\"font-size: 10pt;\"><strong>Ka\u017cda renowacja to d\u0142ugi proces, nierzadko trwaj\u0105cy nawet latami. warto jednak poczeka\u0107 na efekty prac, bo s\u0105 one naprawd\u0119 imponuj\u0105ce! renowacj\u0119 rozpoczynamy od zdemontowania karoserii i sprawdzenia og\u00f3lnego stanu technicznego. karoseria jest oddawana do naprawy blacharskiej, a reszta cz\u0119\u015b\u0107 lement\u00f3w pojazdu trafia na warsztat, gdzie jest demontowana. w serwisie blacharskim karoseria jest piaskowana i zabezpieczana antykorozyjnie. po naniesieniu podk\u0142adu epoksydowego i szpachlowaniu malujemy j\u0105 na wybrany kolor. uk\u0142ad jezdny i nap\u0119dowy rozbieramy na pojedyncze cz\u0119\u015bci. ka\u017cdy z element\u00f3w jest przez nas drobiazgowo sprawdzany, uszkodzone podzespo\u0142y s\u0105 wymieniane lub dorabiane (je\u017celi nie mo\u017cna ich ju\u017c dosta\u0107 na rynku). wymieniamy wszystkie zu\u017cywaj\u0105ce si\u0119 elementy uk\u0142ad\u00f3w (np. \u0142o\u017cyska, cz\u0119\u015bci gumowe) oraz instalacj\u0119 elektryczn\u0105. przeprowadzamy r\u00f3wnie\u017c remont generalny jednostki nap\u0119dowej wraz ze sprawdzeniem stanu poszczeg\u00f3lnych element\u00f3w. sprawdzamy m.in. stan g\u0142owicy, bloku silnika, cylindr\u00f3w, wa\u0142u korbowego wraz z \u0142o\u017cami. usuwamy stare p\u0142yny eksploatacyjne i nagromadzone osady. remontujemy kompleksowo elementy uk\u0142adu hamulcowego oraz uk\u0142adu zawieszenia. ka\u017cdy element jest poddawany wnikliwej analizie i badany pod k\u0105tem uszkodze\u0144. oczyszczony, naprawiony i zabezpieczony wraca na swoje miejsce. niekt\u00f3re z podzespo\u0142\u00f3w &#8211; np. przewody hamulcowe i paliwowe &#8211; wymieniane s\u0105 od razu na nowe. ostatnim etapem jest z\u0142o\u017cenie wszystkich odrestaurowanych element\u00f3w w ca\u0142o\u015b\u0107. karoseria jest \u0142\u0105czona z podwoziem, montujemy elementy ozdobne, szyby i wyko\u0144czenia. od\u015bwie\u017cona i naprawiona tapicerka wraca na swoje miejsce. po testach sprawno\u015bci i regulacjach samoch\u00f3d jest gotowy do jazdy! zapewniamy badanie techniczne oraz ustawienie geometrii k\u00f3\u0142. wykonujemy jazdy testowe i zwracamy odnowione auto w\u0142a\u015bcicielom. ca\u0142o\u015b\u0107 prac jest dokumentowana zdj\u0119ciami, kt\u00f3re otrzymuje w\u0142a\u015bciciel przy odbiorze auta.<\/strong><\/span><\/p><p style=\"text-align: justify;\"><span style=\"font-size: 10pt;\"><strong>Renowacja samochodu to przedsi\u0119wzi\u0119cie d\u0142ugofalowe, trwaj\u0105ce niekiedy nawet kilka miesi\u0119cy. ka\u017cdy oldtimer, kt\u00f3ry trafia do naszego warsztatu ma szanse na drug\u0105 m\u0142odo\u015b\u0107. przywracanie mu \u015bwietno\u015bci rozpoczynamy od projektu. obejmuje on czasowy harmonogram prac oraz ustala kolejno\u015b\u0107 ich wykonywania. na \u017cyczenie w\u0142a\u015bciciela w poje\u017adzie mo\u017cna wprowadzi\u0107 zmiany. przede wszystkim s\u0105 to zmiany w parametrach technicznych (wi\u0119ksza moc jednostki nap\u0119dowej) oraz w wygl\u0105dzie auta (np. zmiana rodzaju tapicerki lub wyko\u0144czenia wn\u0119trza). realizujemy r\u00f3wnie\u017c projekty, kt\u00f3rych zadaniem jest poprawa komfortu codziennego u\u017cytkowania. w naszym warsztacie wykonujemy renowacje takich marek jak: aston martin, mercedes, jaguar, mg, porsche, lotus oraz rolls- royce. zajmujemy si\u0119 r\u00f3wnie\u017c innymi samochodami, kt\u00f3re wymagaj\u0105 doprowadzenia do dobrego stanu technicznego i pe\u0142nej sprawno\u015bci. w sprawie szczeg\u00f3\u0142owych informacji prosimy o kontakt na maila lub telefonicznie lub odwiedzenia naszej strony po\u015bwi\u0119conej renowacji aut zabytkowych na <\/strong><span style=\"color: #0000ff;\">\u00a0<a style=\"color: #0000ff;\" href=\"http:\/\/www.classiccars-garage.eu\" target=\"_blank\" rel=\"noopener\">www.classiccars-garage.eu<\/a><\/span><\/span><\/p><p>Zapraszamy do kontaktu \u00a0tel. 0048 731 119 779<\/p><p><a href=\"http:\/\/www.tanero.pl\/wp-content\/uploads\/2017\/08\/Fotolia_118621220_XS.jpg\"><img fetchpriority=\"high\" decoding=\"async\" class=\"alignnone size-medium wp-image-92\" src=\"http:\/\/www.tanero.pl\/wp-content\/uploads\/2017\/08\/Fotolia_118621220_XS-300x200.jpg\" alt=\"Blick in einen Oldtimer auf Lenkrad und Armaturenbrett\" width=\"300\" height=\"200\" \/><\/a><a href=\"http:\/\/www.tanero.pl\/wp-content\/uploads\/2017\/08\/Fotolia_116800630_XS.jpg\"><img decoding=\"async\" class=\"alignnone size-medium wp-image-91\" src=\"http:\/\/www.tanero.pl\/wp-content\/uploads\/2017\/08\/Fotolia_116800630_XS-300x200.jpg\" alt=\"ready for a joyride\" width=\"300\" height=\"200\" \/><\/a><a href=\"http:\/\/www.tanero.pl\/wp-content\/uploads\/2017\/08\/Fotolia_44360593_XS.jpg\"><img decoding=\"async\" class=\"alignnone size-medium wp-image-90\" src=\"http:\/\/www.tanero.pl\/wp-content\/uploads\/2017\/08\/Fotolia_44360593_XS-300x199.jpg\" alt=\"Fiat Topolino 500 Bj. 1937\" width=\"300\" height=\"199\" \/><\/a><\/p><h1 style=\"text-align: center;\">Nasz jeden z ostatnich projekt\u00f3w MG MGA 1959 rok zapraszamy do obejrzenia<\/h1>\t\t\t\t\t\t\t\t<\/div>\n\t\t\t\t<\/div>\n\t\t\t\t\t<\/div>\n\t\t<\/div>\n\t\t\t\t\t<\/div>\n\t\t<\/section>\n\t\t\t\t<section class=\"elementor-section elementor-top-section elementor-element elementor-element-72e8a03 elementor-section-boxed elementor-section-height-default elementor-section-height-default\" data-id=\"72e8a03\" data-element_type=\"section\" data-e-type=\"section\">\n\t\t\t\t\t\t<div class=\"elementor-container elementor-column-gap-default\">\n\t\t\t\t\t<div class=\"elementor-column elementor-col-100 elementor-top-column elementor-element elementor-element-cb5744d\" data-id=\"cb5744d\" data-element_type=\"column\" data-e-type=\"column\">\n\t\t\t<div class=\"elementor-widget-wrap elementor-element-populated\">\n\t\t\t\t\t\t<div class=\"elementor-element elementor-element-d230bf7 elementor-widget elementor-widget-video\" data-id=\"d230bf7\" data-element_type=\"widget\" data-e-type=\"widget\" data-settings=\"{&quot;youtube_url&quot;:&quot;https:\\\/\\\/youtu.be\\\/G8zcSNC9l84?si=pDTew0FghsU_dQjb&quot;,&quot;autoplay&quot;:&quot;yes&quot;,&quot;play_on_mobile&quot;:&quot;yes&quot;,&quot;video_type&quot;:&quot;youtube&quot;,&quot;controls&quot;:&quot;yes&quot;}\" data-widget_type=\"video.default\">\n\t\t\t\t<div class=\"elementor-widget-container\">\n\t\t\t\t\t\t\t<div class=\"elementor-wrapper elementor-open-inline\">\n\t\t\t<div class=\"elementor-video\"><\/div>\t\t<\/div>\n\t\t\t\t\t\t<\/div>\n\t\t\t\t<\/div>\n\t\t\t\t\t<\/div>\n\t\t<\/div>\n\t\t\t\t\t<\/div>\n\t\t<\/section>\n\t\t\t\t<\/div>\n\t\t","protected":false},"excerpt":{"rendered":"<p>\u00a0 Pasja Renowacja samochod\u00f3w zabytkowych to nasza pasja! firma tci goup skupia mi\u0142o\u015bnik\u00f3w oldtimer\u00f3w, kt\u00f3rzy naprawd\u0119 potrafi\u0105 o nie zadba\u0107. zajmujemy si\u0119 przywracaniem blasku pojazdom zabytkowym, wymieniamy uszkodzone podzespo\u0142y i dorabiamy brakuj\u0105ce elementy. specjalizujemy si\u0119 w pracach rekonstrukcyjnych oraz doprowadzaniu aut do dobrego stanu technicznego. to d\u0142ugi proces, ale wart po\u015bwi\u0119conego mu czasu! w naszej &hellip; <\/p>\n<p class=\"link-more\"><a href=\"https:\/\/www.tanero.pl\/?page_id=72\" class=\"more-link\">Czytaj dalej<span class=\"screen-reader-text\"> \u201eRenowacja Aut Zabytkowych\u201d<\/span><\/a><\/p>\n","protected":false},"author":1,"featured_media":0,"parent":0,"menu_order":0,"comment_status":"closed","ping_status":"closed","template":"elementor_header_footer","meta":{"footnotes":""},"class_list":["post-72","page","type-page","status-publish","hentry"],"_links":{"self":[{"href":"https:\/\/www.tanero.pl\/index.php?rest_route=\/wp\/v2\/pages\/72","targetHints":{"allow":["GET"]}}],"collection":[{"href":"https:\/\/www.tanero.pl\/index.php?rest_route=\/wp\/v2\/pages"}],"about":[{"href":"https:\/\/www.tanero.pl\/index.php?rest_route=\/wp\/v2\/types\/page"}],"author":[{"embeddable":true,"href":"https:\/\/www.tanero.pl\/index.php?rest_route=\/wp\/v2\/users\/1"}],"replies":[{"embeddable":true,"href":"https:\/\/www.tanero.pl\/index.php?rest_route=%2Fwp%2Fv2%2Fcomments&post=72"}],"version-history":[{"count":34,"href":"https:\/\/www.tanero.pl\/index.php?rest_route=\/wp\/v2\/pages\/72\/revisions"}],"predecessor-version":[{"id":338,"href":"https:\/\/www.tanero.pl\/index.php?rest_route=\/wp\/v2\/pages\/72\/revisions\/338"}],"wp:attachment":[{"href":"https:\/\/www.tanero.pl\/index.php?rest_route=%2Fwp%2Fv2%2Fmedia&parent=72"}],"curies":[{"name":"wp","href":"https:\/\/api.w.org\/{rel}","templated":true}]}}