{"id":6,"date":"2016-06-28T10:39:27","date_gmt":"2016-06-28T08:39:27","guid":{"rendered":"http:\/\/www.tanero.pl\/?page_id=6"},"modified":"2025-01-10T21:40:13","modified_gmt":"2025-01-10T20:40:13","slug":"strona-glowna","status":"publish","type":"page","link":"https:\/\/www.tanero.pl\/","title":{"rendered":"Strona g\u0142\u00f3wna"},"content":{"rendered":"\t\t<div data-elementor-type=\"wp-page\" data-elementor-id=\"6\" class=\"elementor elementor-6\">\n\t\t\t\t\t\t<section class=\"elementor-section elementor-top-section elementor-element elementor-element-b522034 elementor-section-full_width elementor-section-height-default elementor-section-height-default\" data-id=\"b522034\" data-element_type=\"section\" data-e-type=\"section\">\n\t\t\t\t\t\t<div class=\"elementor-container elementor-column-gap-default\">\n\t\t\t\t\t<div class=\"elementor-column elementor-col-100 elementor-top-column elementor-element elementor-element-4197d97\" data-id=\"4197d97\" data-element_type=\"column\" data-e-type=\"column\">\n\t\t\t<div class=\"elementor-widget-wrap\">\n\t\t\t\t\t\t\t<\/div>\n\t\t<\/div>\n\t\t\t\t\t<\/div>\n\t\t<\/section>\n\t\t\t\t<section class=\"elementor-section elementor-top-section elementor-element elementor-element-52d8fe2c elementor-section-boxed elementor-section-height-default elementor-section-height-default\" data-id=\"52d8fe2c\" data-element_type=\"section\" data-e-type=\"section\">\n\t\t\t\t\t\t<div class=\"elementor-container elementor-column-gap-default\">\n\t\t\t\t\t<div class=\"elementor-column elementor-col-100 elementor-top-column elementor-element elementor-element-727fac24\" data-id=\"727fac24\" data-element_type=\"column\" data-e-type=\"column\">\n\t\t\t<div class=\"elementor-widget-wrap elementor-element-populated\">\n\t\t\t\t\t\t<div class=\"elementor-element elementor-element-5c468f86 elementor-widget elementor-widget-text-editor\" data-id=\"5c468f86\" data-element_type=\"widget\" data-e-type=\"widget\" data-widget_type=\"text-editor.default\">\n\t\t\t\t<div class=\"elementor-widget-container\">\n\t\t\t\t\t\t\t\t\t<p>\u00a0<\/p><p>\u00a0<\/p><p style=\"text-align: center;\"><strong>Tanero Commercial Industry Sp. zo.o<\/strong> skupia firmy wielobran\u017cowe, dzia\u0142aj\u0105ce na rynku motoryzacyjnym, kt\u00f3re zajmuj\u0105 si\u0119 r\u00f3wnie\u017c sprzeda\u017c\u0105 cz\u0119\u015bci samochodowych na rynku mi\u0119dzynarodowym. Uczestniczymy w po\u015brednictwie pracy Polska-Niemcy-Ukraina, zapewniamy kwaterunek i wszystkie formalno\u015bci na danym rynku pracy. Naszym najwi\u0119kszym atutem jest do\u015bwiadczenie, jeste\u015bmy na rynku od 25 lat, oferuj\u0105c naszym klientom sprawdzone rozwi\u0105zania i profesjonaln\u0105 obs\u0142ug\u0119 zam\u00f3wie\u0144. Zajmujemy si\u0119 produkcj\u0105 i sprzeda\u017c\u0105 hurtow\u0105 cz\u0119\u015bci zamiennych do aut wi\u0119kszo\u015bci popularnych marek. Sprowadzamy u\u017cywane oraz nowe samochody na polski i niemiecki rynek. Znajdziecie Pa\u0144stwo u nas cz\u0119\u015bci oryginalne, zamienniki oraz cz\u0119\u015bci po regeneracji. Na indywidualne zam\u00f3wienie podejmujemy si\u0119, sprowadzenia cz\u0119\u015bci trudno dost\u0119pnych na rynku motoryzacyjnym. Nasi pracownicy ch\u0119tnie udzielaj\u0105 porad naszym klientom w zakresie doboru odpowiednich cz\u0119\u015bci oryginalnych lub zamiennik\u00f3w o wysokiej jako\u015bci. Naszym pionierskim produktem jest linia naszych cz\u0119\u015bci pod nazw\u0105 <strong>FMParts genuine quality, kt\u00f3re oferujemy w naszym sklepie internetowym <a href=\"http:\/\/www.tanero.pl\/?page_id=120\" target=\"_blank\" rel=\"noopener\">www.fmparts.pl<\/a><\/strong>. Nasza firma zajmuje si\u0119 r\u00f3wnie\u017c, po\u015brednictwem pracy, zatrudniaj\u0105cym pracownik\u00f3w z kraj\u00f3w wschodniej Europy na rynku ca\u0142ej Unii Europejskiej. Oferujemy leasing pracowniczy zar\u00f3wno na d\u0142u\u017csze,\u00a0jak i na kr\u00f3tsze okresy czasu pracy. Bogata baza CV pozwoli Pa\u0144stwu wybra\u0107 specjalist\u00f3w z\u00a0do\u015bwiadczeniem lub pracownik\u00f3w do prac fizycznych,\u00a0 dla firm produkcyjnych i us\u0142ugowych z r\u00f3\u017cnych bran\u017c. Nasi\u00a0pracownicy maj\u0105 wszystkie niezb\u0119dne zezwolenia i dokumenty, uprawniaj\u0105ce ich do\u00a0podejmowania pracy w Polsce.<\/p><p style=\"text-align: center;\"><strong>Zapraszamy do wsp\u00f3\u0142pracy.<\/strong><\/p><hr \/><div id=\"info\" style=\"display: block; width: 99%;\"><div id=\"content-box\" style=\"float: left; width: 33%; text-align: center;\">\u00a0<\/div><div id=\"content-box\" style=\"float: left; margin: 0px 5px; width: 33%; text-align: center;\"><p style=\"text-align: left;\">\u00a0<\/p><\/div><div id=\"content-box\" style=\"float: left; width: 33%;\"><h3 style=\"text-align: center;\">\u00a0<\/h3><p style=\"text-align: center;\">\u00a0<\/p><\/div><\/div>\t\t\t\t\t\t\t\t<\/div>\n\t\t\t\t<\/div>\n\t\t\t\t\t<\/div>\n\t\t<\/div>\n\t\t\t\t\t<\/div>\n\t\t<\/section>\n\t\t\t\t<section class=\"elementor-section elementor-top-section elementor-element elementor-element-56fc7de elementor-section-boxed elementor-section-height-default elementor-section-height-default\" data-id=\"56fc7de\" data-element_type=\"section\" data-e-type=\"section\">\n\t\t\t\t\t\t<div class=\"elementor-container elementor-column-gap-default\">\n\t\t\t\t\t<div class=\"elementor-column elementor-col-33 elementor-top-column elementor-element elementor-element-ab32ff2\" data-id=\"ab32ff2\" data-element_type=\"column\" data-e-type=\"column\">\n\t\t\t<div class=\"elementor-widget-wrap elementor-element-populated\">\n\t\t\t\t\t\t<div class=\"elementor-element elementor-element-40aec23 elementor-widget elementor-widget-heading\" data-id=\"40aec23\" data-element_type=\"widget\" data-e-type=\"widget\" data-widget_type=\"heading.default\">\n\t\t\t\t<div class=\"elementor-widget-container\">\n\t\t\t\t\t<h2 class=\"elementor-heading-title elementor-size-default\">Handel<\/h2>\t\t\t\t<\/div>\n\t\t\t\t<\/div>\n\t\t\t\t<div class=\"elementor-element elementor-element-535a76b elementor-widget elementor-widget-image\" data-id=\"535a76b\" data-element_type=\"widget\" data-e-type=\"widget\" data-widget_type=\"image.default\">\n\t\t\t\t<div class=\"elementor-widget-container\">\n\t\t\t\t\t\t\t\t\t\t\t\t\t\t\t<img fetchpriority=\"high\" decoding=\"async\" width=\"305\" height=\"250\" src=\"https:\/\/www.tanero.pl\/wp-content\/uploads\/2016\/06\/cropped-5.png\" class=\"attachment-large size-large wp-image-147\" alt=\"\" srcset=\"https:\/\/www.tanero.pl\/wp-content\/uploads\/2016\/06\/cropped-5.png 305w, https:\/\/www.tanero.pl\/wp-content\/uploads\/2016\/06\/cropped-5-300x246.png 300w\" sizes=\"100vw\" \/>\t\t\t\t\t\t\t\t\t\t\t\t\t\t\t<\/div>\n\t\t\t\t<\/div>\n\t\t\t\t<div class=\"elementor-element elementor-element-3b26417 elementor-widget elementor-widget-text-editor\" data-id=\"3b26417\" data-element_type=\"widget\" data-e-type=\"widget\" data-widget_type=\"text-editor.default\">\n\t\t\t\t<div class=\"elementor-widget-container\">\n\t\t\t\t\t\t\t\t\t<p style=\"text-align: center;\">Wsp\u00f3\u0142praca<\/p>\t\t\t\t\t\t\t\t<\/div>\n\t\t\t\t<\/div>\n\t\t\t\t<div class=\"elementor-element elementor-element-4be7579 elementor-align-center elementor-widget elementor-widget-button\" data-id=\"4be7579\" data-element_type=\"widget\" data-e-type=\"widget\" data-widget_type=\"button.default\">\n\t\t\t\t<div class=\"elementor-widget-container\">\n\t\t\t\t\t\t\t\t\t<div class=\"elementor-button-wrapper\">\n\t\t\t\t\t<a class=\"elementor-button elementor-button-link elementor-size-sm\" href=\"https:\/\/www.tanero.pl\/?page_id=10\">\n\t\t\t\t\t\t<span class=\"elementor-button-content-wrapper\">\n\t\t\t\t\t\t\t\t\t<span class=\"elementor-button-text\">Kliknij tutaj<\/span>\n\t\t\t\t\t<\/span>\n\t\t\t\t\t<\/a>\n\t\t\t\t<\/div>\n\t\t\t\t\t\t\t\t<\/div>\n\t\t\t\t<\/div>\n\t\t\t\t\t<\/div>\n\t\t<\/div>\n\t\t\t\t<div class=\"elementor-column elementor-col-33 elementor-top-column elementor-element elementor-element-094879b\" data-id=\"094879b\" data-element_type=\"column\" data-e-type=\"column\">\n\t\t\t<div class=\"elementor-widget-wrap elementor-element-populated\">\n\t\t\t\t\t\t<div class=\"elementor-element elementor-element-79a3373 elementor-widget elementor-widget-heading\" data-id=\"79a3373\" data-element_type=\"widget\" data-e-type=\"widget\" data-widget_type=\"heading.default\">\n\t\t\t\t<div class=\"elementor-widget-container\">\n\t\t\t\t\t<h2 class=\"elementor-heading-title elementor-size-default\">Produkcja<\/h2>\t\t\t\t<\/div>\n\t\t\t\t<\/div>\n\t\t\t\t<div class=\"elementor-element elementor-element-88950b9 elementor-widget elementor-widget-image\" data-id=\"88950b9\" data-element_type=\"widget\" data-e-type=\"widget\" data-widget_type=\"image.default\">\n\t\t\t\t<div class=\"elementor-widget-container\">\n\t\t\t\t\t\t\t\t\t\t\t\t\t\t\t<img decoding=\"async\" width=\"300\" height=\"250\" src=\"https:\/\/www.tanero.pl\/wp-content\/uploads\/2016\/06\/cropped-2.png\" class=\"attachment-large size-large wp-image-149\" alt=\"\" sizes=\"100vw\" \/>\t\t\t\t\t\t\t\t\t\t\t\t\t\t\t<\/div>\n\t\t\t\t<\/div>\n\t\t\t\t<div class=\"elementor-element elementor-element-e97490b elementor-widget elementor-widget-text-editor\" data-id=\"e97490b\" data-element_type=\"widget\" data-e-type=\"widget\" data-widget_type=\"text-editor.default\">\n\t\t\t\t<div class=\"elementor-widget-container\">\n\t\t\t\t\t\t\t\t\t<p style=\"text-align: center;\">Wsp\u00f3\u0142praca<\/p>\t\t\t\t\t\t\t\t<\/div>\n\t\t\t\t<\/div>\n\t\t\t\t<div class=\"elementor-element elementor-element-2139bce elementor-align-center elementor-widget elementor-widget-button\" data-id=\"2139bce\" data-element_type=\"widget\" data-e-type=\"widget\" data-widget_type=\"button.default\">\n\t\t\t\t<div class=\"elementor-widget-container\">\n\t\t\t\t\t\t\t\t\t<div class=\"elementor-button-wrapper\">\n\t\t\t\t\t<a class=\"elementor-button elementor-button-link elementor-size-sm\" href=\"https:\/\/www.tanero.pl\/?page_id=8\">\n\t\t\t\t\t\t<span class=\"elementor-button-content-wrapper\">\n\t\t\t\t\t\t\t\t\t<span class=\"elementor-button-text\">Kliknij tutaj<\/span>\n\t\t\t\t\t<\/span>\n\t\t\t\t\t<\/a>\n\t\t\t\t<\/div>\n\t\t\t\t\t\t\t\t<\/div>\n\t\t\t\t<\/div>\n\t\t\t\t\t<\/div>\n\t\t<\/div>\n\t\t\t\t<div class=\"elementor-column elementor-col-33 elementor-top-column elementor-element elementor-element-e8ff5cb\" data-id=\"e8ff5cb\" data-element_type=\"column\" data-e-type=\"column\">\n\t\t\t<div class=\"elementor-widget-wrap elementor-element-populated\">\n\t\t\t\t\t\t<div class=\"elementor-element elementor-element-906aa51 elementor-widget elementor-widget-heading\" data-id=\"906aa51\" data-element_type=\"widget\" data-e-type=\"widget\" data-widget_type=\"heading.default\">\n\t\t\t\t<div class=\"elementor-widget-container\">\n\t\t\t\t\t<h2 class=\"elementor-heading-title elementor-size-default\">Agencja pracy tymczasowej<\/h2>\t\t\t\t<\/div>\n\t\t\t\t<\/div>\n\t\t\t\t<div class=\"elementor-element elementor-element-ea72f0a elementor-widget elementor-widget-image\" data-id=\"ea72f0a\" data-element_type=\"widget\" data-e-type=\"widget\" data-widget_type=\"image.default\">\n\t\t\t\t<div class=\"elementor-widget-container\">\n\t\t\t\t\t\t\t\t\t\t\t\t\t\t\t<img decoding=\"async\" width=\"525\" height=\"276\" src=\"https:\/\/www.tanero.pl\/wp-content\/uploads\/2016\/06\/6.png\" class=\"attachment-large size-large wp-image-25\" alt=\"\" srcset=\"https:\/\/www.tanero.pl\/wp-content\/uploads\/2016\/06\/6.png 950w, https:\/\/www.tanero.pl\/wp-content\/uploads\/2016\/06\/6-300x158.png 300w\" sizes=\"100vw\" \/>\t\t\t\t\t\t\t\t\t\t\t\t\t\t\t<\/div>\n\t\t\t\t<\/div>\n\t\t\t\t<div class=\"elementor-element elementor-element-32eabcc elementor-widget elementor-widget-spacer\" data-id=\"32eabcc\" data-element_type=\"widget\" data-e-type=\"widget\" data-widget_type=\"spacer.default\">\n\t\t\t\t<div class=\"elementor-widget-container\">\n\t\t\t\t\t\t\t<div class=\"elementor-spacer\">\n\t\t\t<div class=\"elementor-spacer-inner\"><\/div>\n\t\t<\/div>\n\t\t\t\t\t\t<\/div>\n\t\t\t\t<\/div>\n\t\t\t\t<div class=\"elementor-element elementor-element-c335f01 elementor-widget elementor-widget-text-editor\" data-id=\"c335f01\" data-element_type=\"widget\" data-e-type=\"widget\" data-widget_type=\"text-editor.default\">\n\t\t\t\t<div class=\"elementor-widget-container\">\n\t\t\t\t\t\t\t\t\t<p style=\"text-align: center;\">Wsp\u00f3\u0142praca<\/p>\t\t\t\t\t\t\t\t<\/div>\n\t\t\t\t<\/div>\n\t\t\t\t<div class=\"elementor-element elementor-element-449aea2 elementor-align-center elementor-widget elementor-widget-button\" data-id=\"449aea2\" data-element_type=\"widget\" data-e-type=\"widget\" data-widget_type=\"button.default\">\n\t\t\t\t<div class=\"elementor-widget-container\">\n\t\t\t\t\t\t\t\t\t<div class=\"elementor-button-wrapper\">\n\t\t\t\t\t<a class=\"elementor-button elementor-button-link elementor-size-sm\" href=\"https:\/\/www.tanero.pl\/?page_id=12\">\n\t\t\t\t\t\t<span class=\"elementor-button-content-wrapper\">\n\t\t\t\t\t\t\t\t\t<span class=\"elementor-button-text\">Kliknij tutaj<\/span>\n\t\t\t\t\t<\/span>\n\t\t\t\t\t<\/a>\n\t\t\t\t<\/div>\n\t\t\t\t\t\t\t\t<\/div>\n\t\t\t\t<\/div>\n\t\t\t\t\t<\/div>\n\t\t<\/div>\n\t\t\t\t\t<\/div>\n\t\t<\/section>\n\t\t\t\t<section class=\"elementor-section elementor-top-section elementor-element elementor-element-74a72a0 elementor-section-full_width elementor-section-height-default elementor-section-height-default\" data-id=\"74a72a0\" data-element_type=\"section\" data-e-type=\"section\">\n\t\t\t\t\t\t<div class=\"elementor-container elementor-column-gap-default\">\n\t\t\t\t\t<div class=\"elementor-column elementor-col-100 elementor-top-column elementor-element elementor-element-77f5a6a\" data-id=\"77f5a6a\" data-element_type=\"column\" data-e-type=\"column\">\n\t\t\t<div class=\"elementor-widget-wrap\">\n\t\t\t\t\t\t\t<\/div>\n\t\t<\/div>\n\t\t\t\t\t<\/div>\n\t\t<\/section>\n\t\t\t\t<\/div>\n\t\t","protected":false},"excerpt":{"rendered":"<p>\u00a0 \u00a0 Tanero Commercial Industry Sp. zo.o skupia firmy wielobran\u017cowe, dzia\u0142aj\u0105ce na rynku motoryzacyjnym, kt\u00f3re zajmuj\u0105 si\u0119 r\u00f3wnie\u017c sprzeda\u017c\u0105 cz\u0119\u015bci samochodowych na rynku mi\u0119dzynarodowym. Uczestniczymy w po\u015brednictwie pracy Polska-Niemcy-Ukraina, zapewniamy kwaterunek i wszystkie formalno\u015bci na danym rynku pracy. Naszym najwi\u0119kszym atutem jest do\u015bwiadczenie, jeste\u015bmy na rynku od 25 lat, oferuj\u0105c naszym klientom sprawdzone rozwi\u0105zania i &hellip; <\/p>\n<p class=\"link-more\"><a href=\"https:\/\/www.tanero.pl\/\" class=\"more-link\">Czytaj dalej<span class=\"screen-reader-text\"> \u201eStrona g\u0142\u00f3wna\u201d<\/span><\/a><\/p>\n","protected":false},"author":1,"featured_media":0,"parent":0,"menu_order":0,"comment_status":"closed","ping_status":"closed","template":"elementor_header_footer","meta":{"footnotes":""},"class_list":["post-6","page","type-page","status-publish","hentry"],"_links":{"self":[{"href":"https:\/\/www.tanero.pl\/index.php?rest_route=\/wp\/v2\/pages\/6","targetHints":{"allow":["GET"]}}],"collection":[{"href":"https:\/\/www.tanero.pl\/index.php?rest_route=\/wp\/v2\/pages"}],"about":[{"href":"https:\/\/www.tanero.pl\/index.php?rest_route=\/wp\/v2\/types\/page"}],"author":[{"embeddable":true,"href":"https:\/\/www.tanero.pl\/index.php?rest_route=\/wp\/v2\/users\/1"}],"replies":[{"embeddable":true,"href":"https:\/\/www.tanero.pl\/index.php?rest_route=%2Fwp%2Fv2%2Fcomments&post=6"}],"version-history":[{"count":67,"href":"https:\/\/www.tanero.pl\/index.php?rest_route=\/wp\/v2\/pages\/6\/revisions"}],"predecessor-version":[{"id":320,"href":"https:\/\/www.tanero.pl\/index.php?rest_route=\/wp\/v2\/pages\/6\/revisions\/320"}],"wp:attachment":[{"href":"https:\/\/www.tanero.pl\/index.php?rest_route=%2Fwp%2Fv2%2Fmedia&parent=6"}],"curies":[{"name":"wp","href":"https:\/\/api.w.org\/{rel}","templated":true}]}}