{"id":12,"date":"2016-06-28T10:40:30","date_gmt":"2016-06-28T08:40:30","guid":{"rendered":"http:\/\/www.tanero.pl\/?page_id=12"},"modified":"2025-01-10T18:23:39","modified_gmt":"2025-01-10T17:23:39","slug":"posrednictwo-pracy","status":"publish","type":"page","link":"https:\/\/www.tanero.pl\/?page_id=12","title":{"rendered":"Agencja pracy tymczasowej"},"content":{"rendered":"\t\t<div data-elementor-type=\"wp-page\" data-elementor-id=\"12\" class=\"elementor elementor-12\">\n\t\t\t\t\t\t<section class=\"elementor-section elementor-top-section elementor-element elementor-element-54253e36 elementor-section-boxed elementor-section-height-default elementor-section-height-default\" data-id=\"54253e36\" data-element_type=\"section\" data-e-type=\"section\">\n\t\t\t\t\t\t<div class=\"elementor-container elementor-column-gap-default\">\n\t\t\t\t\t<div class=\"elementor-column elementor-col-100 elementor-top-column elementor-element elementor-element-4d9b66f9\" data-id=\"4d9b66f9\" data-element_type=\"column\" data-e-type=\"column\">\n\t\t\t<div class=\"elementor-widget-wrap elementor-element-populated\">\n\t\t\t\t\t\t<div class=\"elementor-element elementor-element-152a6025 elementor-widget elementor-widget-text-editor\" data-id=\"152a6025\" data-element_type=\"widget\" data-e-type=\"widget\" data-widget_type=\"text-editor.default\">\n\t\t\t\t<div class=\"elementor-widget-container\">\n\t\t\t\t\t\t\t\t\t<p style=\"text-align: justify;\">Nasza firma zajmuje si\u0119 po\u015brednictwem pracy na polskim rynku, sprowadzaj\u0105c pracownik\u00f3w z kraj\u00f3w wschodnich, w&nbsp;szczeg\u00f3lno\u015bci z Ukrainy i Bia\u0142orusi wszystkie osoby z naszej bazy maj\u0105 aktualne&nbsp;dokumenty, pozwalaj\u0105ce im legalnie podejmowa\u0107 prac\u0119 na terenie naszego kraju.&nbsp;&nbsp;Oferujemy pe\u0142ny wyb\u00f3r pracownik\u00f3w, od specjalist\u00f3w z wieloletnim do\u015bwiadczeniem, a\u017c po&nbsp;osoby dopiero zaczynaj\u0105ce swoj\u0105 karier\u0119 zawodow\u0105. Znajdziecie u nas Pa\u0144stwo pracownik\u00f3w&nbsp;do wielu bran\u017c (budownictwa, przetw\u00f3rstwa, bran\u017cy motoryzacyjnej) ch\u0119tnych podj\u0105\u0107 prac\u0119&nbsp;w produkcji lub us\u0142ugach.&nbsp;Umo\u017cliwiamy Pa\u0144stwu samodzielny wyb\u00f3r pracownika z bazy posiadanych CV.&nbsp;Gwarantujemy szybkie podj\u0119cie pracy przez zatrudnionego oraz zaj\u0119cie si\u0119 wszelkimi&nbsp;formalno\u015bciami. Zapewniamy dobre warunki leasingu pracowniczego, a tak\u017ce mo\u017cliwo\u015b\u0107&nbsp;dokonania zmiany, je\u017celi wybrana osoba nie spe\u0142ni Pa\u0144stwa oczekiwa\u0144.<\/p>\n<p style=\"text-align: justify;\">Dlaczego warto wybra\u0107 nasz wynajem pracowniczy:<\/p>\n<ul style=\"text-align: justify;\">\n<li>Pracownicy dost\u0119pni s\u0105 od zaraz? nie marnujecie Pa\u0144stwo czasu na d\u0142ug\u0105 rekrutacj\u0119.<\/li>\n<li>Oszcz\u0119dno\u015b\u0107 pieni\u0119dzy? taniej ni\u017c zatrudnianie na etacie lub umowie zlecenia.<\/li>\n<li>Minimum formalno\u015bci? wszystkimi kwestiami formalnymi zajmuje si\u0119 nasz dzia\u0142 odpowiadaj\u0105cy za rekrutacje.<\/li>\n<li>Gwarantujemy naszym pracownikom na terenie Dolnego \u015al\u0105ska kwaterunek i dow\u00f3z do miejsca pracy.<\/li>\n<li>Wynajmujemy osoby do prac sezonowych, na zast\u0119pstwo oraz na d\u0142u\u017csze okresy czasu.<\/li>\n<\/ul>\n<p style=\"text-align: center;\">Zapraszamy do wsp\u00f3\u0142pracy Firmy i zak\u0142ady pracy.<\/p>\n<p style=\"text-align: center;\">Wi\u0119cej informacji prosz\u0119 kierowa\u0107 na:<\/p>\n<p style=\"text-align: center;\"><strong>Tel: 0048 731 119 779<\/strong><\/p><p style=\"text-align: center;\"><strong>Jak r\u00f3wnie\u017c mailowo w formularzu kontaktowym poni\u017cej<\/strong><\/p>\t\t\t\t\t\t\t\t<\/div>\n\t\t\t\t<\/div>\n\t\t\t\t<div class=\"elementor-element elementor-element-1179537 elementor-widget elementor-widget-shortcode\" data-id=\"1179537\" data-element_type=\"widget\" data-e-type=\"widget\" data-widget_type=\"shortcode.default\">\n\t\t\t\t<div class=\"elementor-widget-container\">\n\t\t\t\t\t\t\t<div class=\"elementor-shortcode\"><div class=\"forminator-ui forminator-custom-form forminator-custom-form-198 forminator-design--default  forminator_ajax\" data-forminator-render=\"0\" data-form=\"forminator-module-198\" data-uid=\"69f46bcd14391\"><br\/><\/div><form\n\t\t\t\tid=\"forminator-module-198\"\n\t\t\t\tclass=\"forminator-ui forminator-custom-form forminator-custom-form-198 forminator-design--default  forminator_ajax\"\n\t\t\t\tmethod=\"post\"\n\t\t\t\tdata-forminator-render=\"0\"\n\t\t\t\tdata-form-id=\"198\"\n\t\t\t\t\n\t\t\t\tdata-design=\"default\"\n\t\t\t\t\n\t\t\t\t\n\t\t\t\t\n\t\t\t\tdata-grid=\"open\"\n\t\t\t\t\n\t\t\t\t\n\t\t\t\tstyle=\"display: none;\"\n\t\t\t\t\n\t\t\t\tdata-uid=\"69f46bcd14391\"\n\t\t\t><div class=\"forminator-response-message forminator-error\" aria-hidden=\"true\"><\/div><div class=\"forminator-row\"><div id=\"name-1\" class=\"forminator-col forminator-col-12 \"><div class=\"forminator-field\"><label for=\"forminator-field-name-1_69f46bcd14391\" class=\"forminator-label\">Imi\u0119 <span class=\"forminator-required\">*<\/span><\/label><input type=\"text\" name=\"name-1\" value=\"\" placeholder=\"\" id=\"forminator-field-name-1_69f46bcd14391\" class=\"forminator-input forminator-name--field\" aria-required=\"true\" \/><\/div><\/div><\/div><div class=\"forminator-row\"><div id=\"email-1\" class=\"forminator-col forminator-col-12 \"><div class=\"forminator-field\"><label for=\"forminator-field-email-1_69f46bcd14391\" class=\"forminator-label\">Adres e-mail <span class=\"forminator-required\">*<\/span><\/label><input type=\"email\" name=\"email-1\" value=\"\" placeholder=\"\" id=\"forminator-field-email-1_69f46bcd14391\" class=\"forminator-input forminator-email--field\" data-required=\"true\" aria-required=\"true\" \/><\/div><\/div><\/div><div class=\"forminator-row\"><div id=\"phone-1\" class=\"forminator-col forminator-col-12 \"><div class=\"forminator-field\"><label for=\"forminator-field-phone-1_69f46bcd14391\" class=\"forminator-label\">Numer telefonu<\/label><input type=\"text\" name=\"phone-1\" value=\"\" placeholder=\"\" id=\"forminator-field-phone-1_69f46bcd14391\" class=\"forminator-input forminator-field--phone\" data-required=\"\" aria-required=\"false\" autocomplete=\"off\" \/><\/div><\/div><\/div><div class=\"forminator-row\"><div id=\"textarea-1\" class=\"forminator-col forminator-col-12 \"><div class=\"forminator-field\"><label for=\"forminator-field-textarea-1_69f46bcd14391\" class=\"forminator-label\">Wiadomo\u015b\u0107<\/label><textarea name=\"textarea-1\" placeholder=\"\" id=\"forminator-field-textarea-1_69f46bcd14391\" class=\"forminator-textarea\" rows=\"6\" style=\"min-height:140px;\" maxlength=\"180\" ><\/textarea><span id=\"forminator-field-textarea-1_69f46bcd14391-description\" class=\"forminator-description\"><span data-limit=\"180\" data-type=\"characters\">0 \/ 180<\/span><\/span><\/div><\/div><\/div><div class=\"forminator-row\"><div id=\"captcha-1\" class=\"forminator-col forminator-col-12 \"><div class=\"forminator-g-recaptcha\" data-theme=\"light\"  data-sitekey=\"6LdL8-QkAAAAAKng5PXgVRjPjSMQeBkATS-Y-sWg\" data-size=\"normal\"><\/div> <\/div><\/div><div class=\"forminator-row forminator-hidden\"><input type=\"hidden\" id=\"hidden-1_69f46bcd14391\" name=\"hidden-1\" value=\"\" \/><\/div><input type=\"hidden\" name=\"referer_url\" value=\"\" \/><div class=\"forminator-row forminator-row-last\"><div class=\"forminator-col\"><div class=\"forminator-field\"><button class=\"forminator-button forminator-button-submit\">Wy\u015blij wiadomo\u015b\u0107<\/button><\/div><\/div><\/div><input type=\"hidden\" id=\"forminator_nonce\" name=\"forminator_nonce\" value=\"4caa783170\" \/><input type=\"hidden\" name=\"_wp_http_referer\" value=\"\/index.php?rest_route=%2Fwp%2Fv2%2Fpages%2F12\" \/><input type=\"hidden\" name=\"form_id\" value=\"198\"><input type=\"hidden\" name=\"page_id\" value=\"12\"><input type=\"hidden\" name=\"form_type\" value=\"default\"><input type=\"hidden\" name=\"current_url\" value=\"https:\/\/www.tanero.pl\/?page_id=12\"><input type=\"hidden\" name=\"render_id\" value=\"0\"><input type=\"hidden\" name=\"action\" value=\"forminator_submit_form_custom-forms\"><label for=\"input_6\" class=\"forminator-hidden\" aria-hidden=\"true\">Prosz\u0119 nie wype\u0142nia\u0107 tego pola. <input id=\"input_6\" type=\"text\" name=\"input_6\" value=\"\" autocomplete=\"off\"><\/label><\/form><\/div>\n\t\t\t\t\t\t<\/div>\n\t\t\t\t<\/div>\n\t\t\t\t\t<\/div>\n\t\t<\/div>\n\t\t\t\t\t<\/div>\n\t\t<\/section>\n\t\t\t\t<\/div>\n\t\t","protected":false},"excerpt":{"rendered":"<p>Nasza firma zajmuje si\u0119 po\u015brednictwem pracy na polskim rynku, sprowadzaj\u0105c pracownik\u00f3w z kraj\u00f3w wschodnich, w&nbsp;szczeg\u00f3lno\u015bci z Ukrainy i Bia\u0142orusi wszystkie osoby z naszej bazy maj\u0105 aktualne&nbsp;dokumenty, pozwalaj\u0105ce im legalnie podejmowa\u0107 prac\u0119 na terenie naszego kraju.&nbsp;&nbsp;Oferujemy pe\u0142ny wyb\u00f3r pracownik\u00f3w, od specjalist\u00f3w z wieloletnim do\u015bwiadczeniem, a\u017c po&nbsp;osoby dopiero zaczynaj\u0105ce swoj\u0105 karier\u0119 zawodow\u0105. Znajdziecie u nas Pa\u0144stwo pracownik\u00f3w&nbsp;do &hellip; <\/p>\n<p class=\"link-more\"><a href=\"https:\/\/www.tanero.pl\/?page_id=12\" class=\"more-link\">Czytaj dalej<span class=\"screen-reader-text\"> \u201eAgencja pracy tymczasowej\u201d<\/span><\/a><\/p>\n","protected":false},"author":1,"featured_media":0,"parent":0,"menu_order":0,"comment_status":"closed","ping_status":"closed","template":"elementor_header_footer","meta":{"footnotes":""},"class_list":["post-12","page","type-page","status-publish","hentry"],"_links":{"self":[{"href":"https:\/\/www.tanero.pl\/index.php?rest_route=\/wp\/v2\/pages\/12","targetHints":{"allow":["GET"]}}],"collection":[{"href":"https:\/\/www.tanero.pl\/index.php?rest_route=\/wp\/v2\/pages"}],"about":[{"href":"https:\/\/www.tanero.pl\/index.php?rest_route=\/wp\/v2\/types\/page"}],"author":[{"embeddable":true,"href":"https:\/\/www.tanero.pl\/index.php?rest_route=\/wp\/v2\/users\/1"}],"replies":[{"embeddable":true,"href":"https:\/\/www.tanero.pl\/index.php?rest_route=%2Fwp%2Fv2%2Fcomments&post=12"}],"version-history":[{"count":12,"href":"https:\/\/www.tanero.pl\/index.php?rest_route=\/wp\/v2\/pages\/12\/revisions"}],"predecessor-version":[{"id":314,"href":"https:\/\/www.tanero.pl\/index.php?rest_route=\/wp\/v2\/pages\/12\/revisions\/314"}],"wp:attachment":[{"href":"https:\/\/www.tanero.pl\/index.php?rest_route=%2Fwp%2Fv2%2Fmedia&parent=12"}],"curies":[{"name":"wp","href":"https:\/\/api.w.org\/{rel}","templated":true}]}}